{"id":233,"date":"2024-02-27T12:29:16","date_gmt":"2024-02-27T11:29:16","guid":{"rendered":"https:\/\/nanotech.fuw.edu.pl\/?page_id=233"},"modified":"2024-02-27T17:15:47","modified_gmt":"2024-02-27T16:15:47","slug":"digital-instruments-multimode-afm-2","status":"publish","type":"page","link":"https:\/\/nanotech.fuw.edu.pl\/?page_id=233","title":{"rendered":"Digital Instruments MultiMode AFM-2"},"content":{"rendered":"<p>Pracownicy odpowiedzialni:<\/p>\n<p><a href=\"https:\/\/nanotech.fuw.edu.pl\/?page_id=5#Rafal-Bozek\">mgr Rafa\u0142 Bo\u017cek<\/a><\/p>\n<p><a href=\"https:\/\/nanotech.fuw.edu.pl\/?page_id=5#Jan_Pawlowski\">dr Jan Paw\u0142owski<\/a><\/p>\n\n<p>Mikroskop MultiMode umo\u017cliwia obrazowanie pr\u00f3bek w zakresie w powietrzu.<\/p>\n\n\n<div class=\"wp-block-columns is-layout-flex wp-container-core-columns-is-layout-28f84493 wp-block-columns-is-layout-flex\">\n<div class=\"wp-block-column is-layout-flow wp-block-column-is-layout-flow\">\n<figure class=\"wp-block-image size-large\"><img loading=\"lazy\" decoding=\"async\" width=\"801\" height=\"1024\" src=\"http:\/\/nanotech.fuw.edu.pl\/wp-content\/uploads\/2024\/02\/Multimode1-801x1024.jpg\" alt=\"\" class=\"wp-image-245\" srcset=\"https:\/\/nanotech.fuw.edu.pl\/wp-content\/uploads\/2024\/02\/Multimode1-801x1024.jpg 801w, https:\/\/nanotech.fuw.edu.pl\/wp-content\/uploads\/2024\/02\/Multimode1-235x300.jpg 235w, https:\/\/nanotech.fuw.edu.pl\/wp-content\/uploads\/2024\/02\/Multimode1-768x982.jpg 768w, https:\/\/nanotech.fuw.edu.pl\/wp-content\/uploads\/2024\/02\/Multimode1-1202x1536.jpg 1202w, https:\/\/nanotech.fuw.edu.pl\/wp-content\/uploads\/2024\/02\/Multimode1-1602x2048.jpg 1602w, https:\/\/nanotech.fuw.edu.pl\/wp-content\/uploads\/2024\/02\/Multimode1-scaled.jpg 2003w\" sizes=\"auto, (max-width: 801px) 100vw, 801px\" \/><\/figure>\n<\/div>\n\n\n\n<div class=\"wp-block-column is-layout-flow wp-block-column-is-layout-flow\">\n<figure class=\"wp-block-image size-large\"><img loading=\"lazy\" decoding=\"async\" width=\"1024\" height=\"1024\" src=\"http:\/\/nanotech.fuw.edu.pl\/wp-content\/uploads\/2024\/02\/Multimode2-1024x1024.jpg\" alt=\"\" class=\"wp-image-246\" srcset=\"https:\/\/nanotech.fuw.edu.pl\/wp-content\/uploads\/2024\/02\/Multimode2-1024x1024.jpg 1024w, https:\/\/nanotech.fuw.edu.pl\/wp-content\/uploads\/2024\/02\/Multimode2-300x300.jpg 300w, https:\/\/nanotech.fuw.edu.pl\/wp-content\/uploads\/2024\/02\/Multimode2-150x150.jpg 150w, https:\/\/nanotech.fuw.edu.pl\/wp-content\/uploads\/2024\/02\/Multimode2-768x768.jpg 768w, https:\/\/nanotech.fuw.edu.pl\/wp-content\/uploads\/2024\/02\/Multimode2-1536x1536.jpg 1536w, https:\/\/nanotech.fuw.edu.pl\/wp-content\/uploads\/2024\/02\/Multimode2-2048x2048.jpg 2048w\" sizes=\"auto, (max-width: 1024px) 100vw, 1024px\" \/><\/figure>\n<\/div>\n<\/div>\n\n\n<p>Dost\u0119pne tryby pracy:<\/p>\n<ul>\n<li>topografia w trybie kontaktowym i trybie przerywanego kontaktu (\u201etapping mode\u201d),<\/li>\n<li>mikroskopia si\u0142 elektrycznych (EFM),<\/li>\n<li>mikroskopii si\u0142 magnetycznych (MFM),<\/li>\n<li>mapowania potencja\u0142u elektrycznego sond\u0105 Kelvina,<\/li>\n<li>mikroskopia si\u0142 bocznych (LFM),<\/li>\n<li>skaningowej mikroskopii tunelowej (STM).<\/li>\n<\/ul>\n<p>Maksymalny rozmiar pr\u00f3bek:<\/p>\n<p>\u00d8\u00a0\u226415 mm, grubo\u015b\u0107 ~5mm.<\/p>\n<p>Mikroskop ma wymienne skanery piezoelektryczne:<\/p>\n<ul>\n<li>Skaner J (tzw. d\u0142ugi skaner) zakres pracy\u00a0<em>x<\/em>,\u00a0<em>y<\/em>: 125\u00a0\u00b5m i\u00a0<em>z<\/em>: 5\u00a0\u00b5m.<\/li>\n<li>Skaner E (tzw. kr\u00f3tki skaner) zakres pracy\u00a0<em>x<\/em>,\u00a0<em>y<\/em>: 10\u00a0\u00b5m i\u00a0<em>z<\/em>: 2,5\u00a0\u00b5m.<\/li>\n<li>Skaner A (tzw. kr\u00f3tki skaner) zakres pracy\u00a0<em>x<\/em>,\u00a0<em>y<\/em>: 0,4\u00a0\u00b5m i\u00a0<em>z<\/em>: 0,4\u00a0\u00b5m.<\/li>\n<\/ul>","protected":false},"excerpt":{"rendered":"<p>Pracownicy odpowiedzialni: mgr Rafa\u0142 Bo\u017cek dr Jan Paw\u0142owski Mikroskop MultiMode umo\u017cliwia obrazowanie pr\u00f3bek w zakresie w powietrzu. Dost\u0119pne tryby pracy: topografia w trybie kontaktowym i trybie przerywanego kontaktu (\u201etapping mode\u201d), mikroskopia si\u0142 elektrycznych (EFM), mikroskopii si\u0142 magnetycznych (MFM), mapowania potencja\u0142u elektrycznego sond\u0105 Kelvina, mikroskopia si\u0142 bocznych (LFM), skaningowej mikroskopii tunelowej (STM). Maksymalny rozmiar pr\u00f3bek: \u00d8\u00a0\u226415 [&hellip;]<\/p>\n","protected":false},"author":4,"featured_media":0,"parent":229,"menu_order":0,"comment_status":"closed","ping_status":"closed","template":"","meta":{"footnotes":""},"class_list":["post-233","page","type-page","status-publish","hentry"],"_links":{"self":[{"href":"https:\/\/nanotech.fuw.edu.pl\/index.php?rest_route=\/wp\/v2\/pages\/233","targetHints":{"allow":["GET"]}}],"collection":[{"href":"https:\/\/nanotech.fuw.edu.pl\/index.php?rest_route=\/wp\/v2\/pages"}],"about":[{"href":"https:\/\/nanotech.fuw.edu.pl\/index.php?rest_route=\/wp\/v2\/types\/page"}],"author":[{"embeddable":true,"href":"https:\/\/nanotech.fuw.edu.pl\/index.php?rest_route=\/wp\/v2\/users\/4"}],"replies":[{"embeddable":true,"href":"https:\/\/nanotech.fuw.edu.pl\/index.php?rest_route=%2Fwp%2Fv2%2Fcomments&post=233"}],"version-history":[{"count":7,"href":"https:\/\/nanotech.fuw.edu.pl\/index.php?rest_route=\/wp\/v2\/pages\/233\/revisions"}],"predecessor-version":[{"id":269,"href":"https:\/\/nanotech.fuw.edu.pl\/index.php?rest_route=\/wp\/v2\/pages\/233\/revisions\/269"}],"up":[{"embeddable":true,"href":"https:\/\/nanotech.fuw.edu.pl\/index.php?rest_route=\/wp\/v2\/pages\/229"}],"wp:attachment":[{"href":"https:\/\/nanotech.fuw.edu.pl\/index.php?rest_route=%2Fwp%2Fv2%2Fmedia&parent=233"}],"curies":[{"name":"wp","href":"https:\/\/api.w.org\/{rel}","templated":true}]}}