{"id":347,"date":"2024-02-29T15:38:14","date_gmt":"2024-02-29T14:38:14","guid":{"rendered":"https:\/\/nanotech.fuw.edu.pl\/?page_id=347"},"modified":"2024-02-29T15:43:40","modified_gmt":"2024-02-29T14:43:40","slug":"laboratorium-dyfraktometrii-rentgenowskiej","status":"publish","type":"page","link":"https:\/\/nanotech.fuw.edu.pl\/?page_id=347","title":{"rendered":"Laboratorium Dyfraktometrii Rentgenowskiej"},"content":{"rendered":"<p>Pracownik odpowiedzialny:<\/p>\n<p><a href=\"https:\/\/nanotech.fuw.edu.pl\/?page_id=5#Mateusz_Tokarczyk\">dr Mateusz Tokarczyk<\/a><\/p>\n<p>Dyfraktometr rentgenowski PANalytical X\u2019Pert PRO<\/p>\n<p>Dyfraktometr PANalytical X\u2019Pert PRO jest urz\u0105dzeniem wykorzystywany w pomiarach rentgenowskich umo\u017cliwiaj\u0105cych okre\u015blanie struktury krystalicznej badanych materia\u0142\u00f3w.\u00a0 \u0179r\u00f3d\u0142em promieniowania jest lampa rentgenowsk\u0105 o anodzie miedzianej daj\u0105ca promieniowanie rentgenowskie o d\u0142ugo\u015bci fali 1,5406 \u00c5 (linia K<sub>\u03b11<\/sub>). Urz\u0105dzenie jest wyposa\u017cone w dwa niezale\u017cne tory pomiarowe:<\/p>\n<ol>\n<li>Uk\u0142ad wysokorozdzielczy wyposa\u017cony w czteroodbiciowy monochromator Bartelsa, trzy osiowy goniometr oraz analizator germanowy. Pozwala na pomiary dyfrakcji rentgenowskiej pr\u00f3bek monokrystalicznych oraz warstw epitaksjalnych.<\/li>\n<li>Uk\u0142ad do badania cienkich warstw wyposa\u017cony w zwierciad\u0142o paraboliczne oraz szczeliny Sollera. Pozwala na nisko k\u0105towe pomiary reflektometryczne jak r\u00f3wnie\u017c na wysoko k\u0105towe pomiary dyfrakcyjne. Uk\u0142ad jest g\u0142\u00f3wnie wykorzystywany do badania grubo\u015bci i jako\u015bci strukturalnej atomowo cienkich materia\u0142\u00f3w warstwowych takich jak grafen, azotek boru itp.<\/li>\n<\/ol>\n\n\n<p><\/p>\n\n\n\n<p><\/p>\n","protected":false},"excerpt":{"rendered":"<p>Pracownik odpowiedzialny: dr Mateusz Tokarczyk Dyfraktometr rentgenowski PANalytical X\u2019Pert PRO Dyfraktometr PANalytical X\u2019Pert PRO jest urz\u0105dzeniem wykorzystywany w pomiarach rentgenowskich umo\u017cliwiaj\u0105cych okre\u015blanie struktury krystalicznej badanych materia\u0142\u00f3w.\u00a0 \u0179r\u00f3d\u0142em promieniowania jest lampa rentgenowsk\u0105 o anodzie miedzianej daj\u0105ca promieniowanie rentgenowskie o d\u0142ugo\u015bci fali 1,5406 \u00c5 (linia K\u03b11). Urz\u0105dzenie jest wyposa\u017cone w dwa niezale\u017cne tory pomiarowe: Uk\u0142ad wysokorozdzielczy wyposa\u017cony [&hellip;]<\/p>\n","protected":false},"author":4,"featured_media":0,"parent":8,"menu_order":0,"comment_status":"closed","ping_status":"closed","template":"","meta":{"footnotes":""},"class_list":["post-347","page","type-page","status-publish","hentry"],"_links":{"self":[{"href":"https:\/\/nanotech.fuw.edu.pl\/index.php?rest_route=\/wp\/v2\/pages\/347","targetHints":{"allow":["GET"]}}],"collection":[{"href":"https:\/\/nanotech.fuw.edu.pl\/index.php?rest_route=\/wp\/v2\/pages"}],"about":[{"href":"https:\/\/nanotech.fuw.edu.pl\/index.php?rest_route=\/wp\/v2\/types\/page"}],"author":[{"embeddable":true,"href":"https:\/\/nanotech.fuw.edu.pl\/index.php?rest_route=\/wp\/v2\/users\/4"}],"replies":[{"embeddable":true,"href":"https:\/\/nanotech.fuw.edu.pl\/index.php?rest_route=%2Fwp%2Fv2%2Fcomments&post=347"}],"version-history":[{"count":5,"href":"https:\/\/nanotech.fuw.edu.pl\/index.php?rest_route=\/wp\/v2\/pages\/347\/revisions"}],"predecessor-version":[{"id":1060,"href":"https:\/\/nanotech.fuw.edu.pl\/index.php?rest_route=\/wp\/v2\/pages\/347\/revisions\/1060"}],"up":[{"embeddable":true,"href":"https:\/\/nanotech.fuw.edu.pl\/index.php?rest_route=\/wp\/v2\/pages\/8"}],"wp:attachment":[{"href":"https:\/\/nanotech.fuw.edu.pl\/index.php?rest_route=%2Fwp%2Fv2%2Fmedia&parent=347"}],"curies":[{"name":"wp","href":"https:\/\/api.w.org\/{rel}","templated":true}]}}