{"id":491,"date":"2024-04-18T15:45:48","date_gmt":"2024-04-18T13:45:48","guid":{"rendered":"https:\/\/nanotech.fuw.edu.pl\/?page_id=491"},"modified":"2026-01-14T12:52:42","modified_gmt":"2026-01-14T11:52:42","slug":"powiazane-strony","status":"publish","type":"page","link":"https:\/\/nanotech.fuw.edu.pl\/?page_id=491","title":{"rendered":"Powi\u0105zane strony"},"content":{"rendered":"\n<p><a href=\"https:\/\/www.fuw.edu.pl\/%7Ewmpac\/mbe\/mbe.htm\">Laboratorium Epitaksji z Wi\u0105zek Molekularnych (MBE)<\/a><\/p>\n\n\n\n<p><a href=\"http:\/\/lmlgroup.fuw.edu.pl\/pl\">Layered Materials Laboratory (LML)<\/a><\/p>\n\n\n\n<p><a href=\"https:\/\/www.fuw.edu.pl\/\">Wydzia\u0142 Fizyki Uniwersytetu Warszawskiego<\/a> <\/p>\n\n\n\n<p><a href=\"https:\/\/www.fuw.edu.pl\/~zfcs\/index.php\/grupy-badawcze.html\">grupy badawcze Zak\u0142adu Fizyki Cia\u0142a Sta\u0142ego<\/a><\/p>\n\n\n\n<p><\/p>\n","protected":false},"excerpt":{"rendered":"<p>Laboratorium Epitaksji z Wi\u0105zek Molekularnych (MBE) Layered Materials Laboratory (LML) Wydzia\u0142 Fizyki Uniwersytetu Warszawskiego grupy badawcze Zak\u0142adu Fizyki Cia\u0142a Sta\u0142ego<\/p>\n","protected":false},"author":4,"featured_media":0,"parent":55,"menu_order":0,"comment_status":"closed","ping_status":"closed","template":"","meta":{"footnotes":""},"class_list":["post-491","page","type-page","status-publish","hentry"],"_links":{"self":[{"href":"https:\/\/nanotech.fuw.edu.pl\/index.php?rest_route=\/wp\/v2\/pages\/491","targetHints":{"allow":["GET"]}}],"collection":[{"href":"https:\/\/nanotech.fuw.edu.pl\/index.php?rest_route=\/wp\/v2\/pages"}],"about":[{"href":"https:\/\/nanotech.fuw.edu.pl\/index.php?rest_route=\/wp\/v2\/types\/page"}],"author":[{"embeddable":true,"href":"https:\/\/nanotech.fuw.edu.pl\/index.php?rest_route=\/wp\/v2\/users\/4"}],"replies":[{"embeddable":true,"href":"https:\/\/nanotech.fuw.edu.pl\/index.php?rest_route=%2Fwp%2Fv2%2Fcomments&post=491"}],"version-history":[{"count":9,"href":"https:\/\/nanotech.fuw.edu.pl\/index.php?rest_route=\/wp\/v2\/pages\/491\/revisions"}],"predecessor-version":[{"id":1081,"href":"https:\/\/nanotech.fuw.edu.pl\/index.php?rest_route=\/wp\/v2\/pages\/491\/revisions\/1081"}],"up":[{"embeddable":true,"href":"https:\/\/nanotech.fuw.edu.pl\/index.php?rest_route=\/wp\/v2\/pages\/55"}],"wp:attachment":[{"href":"https:\/\/nanotech.fuw.edu.pl\/index.php?rest_route=%2Fwp%2Fv2%2Fmedia&parent=491"}],"curies":[{"name":"wp","href":"https:\/\/api.w.org\/{rel}","templated":true}]}}