{"id":5,"date":"2023-05-19T16:03:56","date_gmt":"2023-05-19T14:03:56","guid":{"rendered":"https:\/\/nanotech.fuw.edu.pl\/?page_id=5"},"modified":"2026-04-21T12:46:50","modified_gmt":"2026-04-21T10:46:50","slug":"zespol","status":"publish","type":"page","link":"https:\/\/nanotech.fuw.edu.pl\/?page_id=5","title":{"rendered":"Personel"},"content":{"rendered":"\n<h5 class=\"wp-block-heading\">OpiekunOWIE naukowo-dydaktycznI<\/h5>\n\n\n\n<div class=\"wp-block-columns is-layout-flex wp-container-core-columns-is-layout-28f84493 wp-block-columns-is-layout-flex\">\n<div class=\"wp-block-column is-layout-flow wp-block-column-is-layout-flow\">\n<figure class=\"wp-block-image size-large\" id=\"Johannes_Binder\"><img loading=\"lazy\" decoding=\"async\" width=\"770\" height=\"1024\" src=\"http:\/\/nanotech.fuw.edu.pl\/wp-content\/uploads\/2024\/02\/Johannes_Binder_1a-scaled-e1707910225866-770x1024.jpg\" alt=\"\" class=\"wp-image-106\" srcset=\"https:\/\/nanotech.fuw.edu.pl\/wp-content\/uploads\/2024\/02\/Johannes_Binder_1a-scaled-e1707910225866-770x1024.jpg 770w, https:\/\/nanotech.fuw.edu.pl\/wp-content\/uploads\/2024\/02\/Johannes_Binder_1a-scaled-e1707910225866-226x300.jpg 226w, https:\/\/nanotech.fuw.edu.pl\/wp-content\/uploads\/2024\/02\/Johannes_Binder_1a-scaled-e1707910225866-768x1021.jpg 768w, https:\/\/nanotech.fuw.edu.pl\/wp-content\/uploads\/2024\/02\/Johannes_Binder_1a-scaled-e1707910225866.jpg 850w\" sizes=\"auto, (max-width: 770px) 100vw, 770px\" \/><figcaption class=\"wp-element-caption\">dr hab. Johannes Binder<br>adiunkt w IFD WF UW,<br>kierownik laboratorium, <br>tel. 22 55 32 792 <br>e-mail Johannes.Binder@fuw.edu.pl<\/figcaption><\/figure>\n\n\n\n<p><\/p>\n<\/div>\n\n\n\n<div class=\"wp-block-column is-layout-flow wp-block-column-is-layout-flow\">\n<figure class=\"wp-block-image size-large\" id=\"Johannes_Binder\"><img loading=\"lazy\" decoding=\"async\" width=\"771\" height=\"1024\" src=\"http:\/\/nanotech.fuw.edu.pl\/wp-content\/uploads\/2024\/02\/Tomek_Jakubczyk_1b-scaled-e1708027842426-771x1024.jpg\" alt=\"\" class=\"wp-image-188\" srcset=\"https:\/\/nanotech.fuw.edu.pl\/wp-content\/uploads\/2024\/02\/Tomek_Jakubczyk_1b-scaled-e1708027842426-771x1024.jpg 771w, https:\/\/nanotech.fuw.edu.pl\/wp-content\/uploads\/2024\/02\/Tomek_Jakubczyk_1b-scaled-e1708027842426-226x300.jpg 226w, https:\/\/nanotech.fuw.edu.pl\/wp-content\/uploads\/2024\/02\/Tomek_Jakubczyk_1b-scaled-e1708027842426-768x1020.jpg 768w, https:\/\/nanotech.fuw.edu.pl\/wp-content\/uploads\/2024\/02\/Tomek_Jakubczyk_1b-scaled-e1708027842426.jpg 850w\" sizes=\"auto, (max-width: 771px) 100vw, 771px\" \/><figcaption class=\"wp-element-caption\">dr Tomasz Jakubczyk<br>adiunkt w IFD WF UW,<br>z-ca kierownika laboratorium, <br>tel. 22 55 32 792 <br>e-mail Tomasz.Jakubczyk@fuw.edu.pl<\/figcaption><\/figure>\n\n\n\n<p><\/p>\n<\/div>\n<\/div>\n\n\n\n<h5 class=\"wp-block-heading\">personel badawczo-techniczny<\/h5>\n\n\n\n<h6 class=\"wp-block-heading\"><a href=\"https:\/\/nanotech.fuw.edu.pl\/?page_id=229\">laboratorium mikroskopii si\u0142 atomowych i skaningowej mikroskopii tunelowej<\/a><\/h6>\n\n\n\n<div class=\"wp-block-columns is-layout-flex wp-container-core-columns-is-layout-28f84493 wp-block-columns-is-layout-flex\">\n<div class=\"wp-block-column is-layout-flow wp-block-column-is-layout-flow\">\n<figure class=\"wp-block-image size-large\" id=\"Rafal-Bozek\"><img loading=\"lazy\" decoding=\"async\" width=\"770\" height=\"1024\" src=\"http:\/\/nanotech.fuw.edu.pl\/wp-content\/uploads\/2024\/02\/Rafal_Bozek_3a-e1707911410420-770x1024.jpg\" alt=\"\" class=\"wp-image-114\" srcset=\"https:\/\/nanotech.fuw.edu.pl\/wp-content\/uploads\/2024\/02\/Rafal_Bozek_3a-e1707911410420-770x1024.jpg 770w, https:\/\/nanotech.fuw.edu.pl\/wp-content\/uploads\/2024\/02\/Rafal_Bozek_3a-e1707911410420-226x300.jpg 226w, https:\/\/nanotech.fuw.edu.pl\/wp-content\/uploads\/2024\/02\/Rafal_Bozek_3a-e1707911410420-768x1021.jpg 768w, https:\/\/nanotech.fuw.edu.pl\/wp-content\/uploads\/2024\/02\/Rafal_Bozek_3a-e1707911410420.jpg 850w\" sizes=\"auto, (max-width: 770px) 100vw, 770px\" \/><figcaption class=\"wp-element-caption\">mgr Rafa\u0142 Bo\u017cek <br>starszy specjalista badawczo-techniczny w IFD WF UW <br>tel. 22 55 32 937<br>e-mail Rafal.Bozek@fuw.edu.pl<\/figcaption><\/figure>\n<\/div>\n\n\n\n<div class=\"wp-block-column is-layout-flow wp-block-column-is-layout-flow\">\n<figure class=\"wp-block-image size-large\" id=\"Jan_Pawlowski\"><img loading=\"lazy\" decoding=\"async\" width=\"770\" height=\"1024\" src=\"http:\/\/nanotech.fuw.edu.pl\/wp-content\/uploads\/2024\/02\/Janek_Pawlowski_1a-1-e1708291891952-770x1024.jpg\" alt=\"\" class=\"wp-image-208\" srcset=\"https:\/\/nanotech.fuw.edu.pl\/wp-content\/uploads\/2024\/02\/Janek_Pawlowski_1a-1-e1708291891952-770x1024.jpg 770w, https:\/\/nanotech.fuw.edu.pl\/wp-content\/uploads\/2024\/02\/Janek_Pawlowski_1a-1-e1708291891952-226x300.jpg 226w, https:\/\/nanotech.fuw.edu.pl\/wp-content\/uploads\/2024\/02\/Janek_Pawlowski_1a-1-e1708291891952-768x1021.jpg 768w, https:\/\/nanotech.fuw.edu.pl\/wp-content\/uploads\/2024\/02\/Janek_Pawlowski_1a-1-e1708291891952.jpg 850w\" sizes=\"auto, (max-width: 770px) 100vw, 770px\" \/><figcaption class=\"wp-element-caption\">dr Jan Paw\u0142owski <br>g\u0142\u00f3wny specjalista badawczo-techniczny w IFD WF UW <br>tel. 22 55 32 937<br>e-mail Jan.Pawlowski@fuw.edu.pl<\/figcaption><\/figure>\n<\/div>\n<\/div>\n\n\n\n<p><\/p>\n\n\n\n<h6 class=\"wp-block-heading\"><a href=\"https:\/\/nanotech.fuw.edu.pl\/?page_id=363\">Laboratorium litografii<\/a><\/h6>\n\n\n\n<div class=\"wp-block-columns is-layout-flex wp-container-core-columns-is-layout-28f84493 wp-block-columns-is-layout-flex\">\n<div class=\"wp-block-column is-layout-flow wp-block-column-is-layout-flow\">\n<figure class=\"wp-block-image size-large\" id=\"Karol_Nogajewski\"><img loading=\"lazy\" decoding=\"async\" width=\"770\" height=\"1024\" src=\"http:\/\/nanotech.fuw.edu.pl\/wp-content\/uploads\/2024\/02\/Karol_1a-scaled-e1707911978997-770x1024.jpg\" alt=\"\" class=\"wp-image-108\" title=\"\" srcset=\"https:\/\/nanotech.fuw.edu.pl\/wp-content\/uploads\/2024\/02\/Karol_1a-scaled-e1707911978997-770x1024.jpg 770w, https:\/\/nanotech.fuw.edu.pl\/wp-content\/uploads\/2024\/02\/Karol_1a-scaled-e1707911978997-226x300.jpg 226w, https:\/\/nanotech.fuw.edu.pl\/wp-content\/uploads\/2024\/02\/Karol_1a-scaled-e1707911978997-768x1021.jpg 768w, https:\/\/nanotech.fuw.edu.pl\/wp-content\/uploads\/2024\/02\/Karol_1a-scaled-e1707911978997.jpg 850w\" sizes=\"auto, (max-width: 770px) 100vw, 770px\" \/><figcaption class=\"wp-element-caption\">dr Karol Nogajewski<br>specjalista badawczo-techniczny w IFD WF UW <br>tel. 22 55 32 854<br>e-mail Karol.Nogajewski@fuw.edu.pl<\/figcaption><\/figure>\n<\/div>\n\n\n\n<div class=\"wp-block-column is-layout-flow wp-block-column-is-layout-flow\">\n<figure class=\"wp-block-image size-large\" id=\"Natasza_Gajda\"><img loading=\"lazy\" decoding=\"async\" width=\"770\" height=\"1024\" src=\"http:\/\/nanotech.fuw.edu.pl\/wp-content\/uploads\/2024\/02\/Natasza_Gajda_4a-scaled-e1707912064145-770x1024.jpg\" alt=\"\" class=\"wp-image-112\" srcset=\"https:\/\/nanotech.fuw.edu.pl\/wp-content\/uploads\/2024\/02\/Natasza_Gajda_4a-scaled-e1707912064145-770x1024.jpg 770w, https:\/\/nanotech.fuw.edu.pl\/wp-content\/uploads\/2024\/02\/Natasza_Gajda_4a-scaled-e1707912064145-226x300.jpg 226w, https:\/\/nanotech.fuw.edu.pl\/wp-content\/uploads\/2024\/02\/Natasza_Gajda_4a-scaled-e1707912064145-768x1021.jpg 768w, https:\/\/nanotech.fuw.edu.pl\/wp-content\/uploads\/2024\/02\/Natasza_Gajda_4a-scaled-e1707912064145.jpg 850w\" sizes=\"auto, (max-width: 770px) 100vw, 770px\" \/><figcaption class=\"wp-element-caption\">mgr Natasza Gajda<br>specjalista in\u017cynieryjno-techniczny w IFD WF UW <br>tel. 22 55 32 854<br>e-mail Natasza.Gajda@fuw.edu.pl<\/figcaption><\/figure>\n<\/div>\n<\/div>\n\n\n\n<h6 class=\"wp-block-heading\"><a href=\"https:\/\/nanotech.fuw.edu.pl\/?page_id=262\">laboratorium epitaksji ze zwi\u0105zk\u00f3w metaloorganicznych (MOVPE)<\/a><\/h6>\n\n\n\n<div class=\"wp-block-columns is-layout-flex wp-container-core-columns-is-layout-28f84493 wp-block-columns-is-layout-flex\">\n<div class=\"wp-block-column is-layout-flow wp-block-column-is-layout-flow\">\n<figure class=\"wp-block-image size-large\" id=\"Aleksandra_Dabrowska\"><img loading=\"lazy\" decoding=\"async\" width=\"770\" height=\"1024\" src=\"http:\/\/nanotech.fuw.edu.pl\/wp-content\/uploads\/2024\/02\/Ola3k-e1707912228923-770x1024.jpg\" alt=\"\" class=\"wp-image-113\" srcset=\"https:\/\/nanotech.fuw.edu.pl\/wp-content\/uploads\/2024\/02\/Ola3k-e1707912228923-770x1024.jpg 770w, https:\/\/nanotech.fuw.edu.pl\/wp-content\/uploads\/2024\/02\/Ola3k-e1707912228923-226x300.jpg 226w, https:\/\/nanotech.fuw.edu.pl\/wp-content\/uploads\/2024\/02\/Ola3k-e1707912228923-768x1021.jpg 768w, https:\/\/nanotech.fuw.edu.pl\/wp-content\/uploads\/2024\/02\/Ola3k-e1707912228923.jpg 850w\" sizes=\"auto, (max-width: 770px) 100vw, 770px\" \/><figcaption class=\"wp-element-caption\">dr Aleksandra D\u0105browska <br>starszy specjalista badawczo-techniczny w IFD WF UW <br>tel. 22 55 32 505<br>e-mail Aleksandra.Dabrowska@fuw.edu.pl<\/figcaption><\/figure>\n<\/div>\n\n\n\n<div class=\"wp-block-column is-layout-flow wp-block-column-is-layout-flow\">\n<figure class=\"wp-block-image size-large\" id=\"Jerzy_Plesiewicz\"><img loading=\"lazy\" decoding=\"async\" width=\"770\" height=\"1024\" src=\"http:\/\/nanotech.fuw.edu.pl\/wp-content\/uploads\/2024\/02\/Jurek1b-e1707917754358-770x1024.jpg\" alt=\"\" class=\"wp-image-149\" srcset=\"https:\/\/nanotech.fuw.edu.pl\/wp-content\/uploads\/2024\/02\/Jurek1b-e1707917754358-770x1024.jpg 770w, https:\/\/nanotech.fuw.edu.pl\/wp-content\/uploads\/2024\/02\/Jurek1b-e1707917754358-226x300.jpg 226w, https:\/\/nanotech.fuw.edu.pl\/wp-content\/uploads\/2024\/02\/Jurek1b-e1707917754358-768x1021.jpg 768w, https:\/\/nanotech.fuw.edu.pl\/wp-content\/uploads\/2024\/02\/Jurek1b-e1707917754358.jpg 849w\" sizes=\"auto, (max-width: 770px) 100vw, 770px\" \/><figcaption class=\"wp-element-caption\">mgr Jerzy Plesiewicz <br>samodzielny referent in\u017cynieryjno-techniczny w IFD WF UW <br>tel. 22 55 32 505<br>e-mail Jerzy.Plesiewicz@fuw.edu.pl<\/figcaption><\/figure>\n<\/div>\n<\/div>\n\n\n\n<h6 class=\"wp-block-heading\"><a href=\"https:\/\/nanotech.fuw.edu.pl\/?page_id=347\">Laboratorium dyfraktometrii rentgenowskiej<\/a><\/h6>\n\n\n\n<div class=\"wp-block-columns is-layout-flex wp-container-core-columns-is-layout-28f84493 wp-block-columns-is-layout-flex\">\n<div class=\"wp-block-column is-layout-flow wp-block-column-is-layout-flow\">\n<figure class=\"wp-block-image size-large\" id=\"Mateusz_Tokarczyk\"><img loading=\"lazy\" decoding=\"async\" width=\"770\" height=\"1024\" src=\"http:\/\/nanotech.fuw.edu.pl\/wp-content\/uploads\/2024\/02\/Mateusz2a-e1707912425125-770x1024.jpg\" alt=\"\" class=\"wp-image-111\" srcset=\"https:\/\/nanotech.fuw.edu.pl\/wp-content\/uploads\/2024\/02\/Mateusz2a-e1707912425125-770x1024.jpg 770w, https:\/\/nanotech.fuw.edu.pl\/wp-content\/uploads\/2024\/02\/Mateusz2a-e1707912425125-226x300.jpg 226w, https:\/\/nanotech.fuw.edu.pl\/wp-content\/uploads\/2024\/02\/Mateusz2a-e1707912425125-768x1021.jpg 768w, https:\/\/nanotech.fuw.edu.pl\/wp-content\/uploads\/2024\/02\/Mateusz2a-e1707912425125.jpg 850w\" sizes=\"auto, (max-width: 770px) 100vw, 770px\" \/><figcaption class=\"wp-element-caption\">dr Mateusz Tokarczyk <br>adiunkt w IFD WF UW <br>tel. 22 55 32 548<br>e-mail Mateusz.Tokarczyk@fuw.edu.pl<\/figcaption><\/figure>\n<\/div>\n\n\n\n<div class=\"wp-block-column is-layout-flow wp-block-column-is-layout-flow\"><\/div>\n<\/div>\n\n\n\n<h6 class=\"wp-block-heading\"><a href=\"https:\/\/nanotech.fuw.edu.pl\/?page_id=318\">Laboratorium mikroskopii elektronowej<\/a><\/h6>\n\n\n\n<div class=\"wp-block-columns is-layout-flex wp-container-core-columns-is-layout-28f84493 wp-block-columns-is-layout-flex\">\n<div class=\"wp-block-column is-layout-flow wp-block-column-is-layout-flow\">\n<figure class=\"wp-block-image size-large\" id=\"Marta_Bilska\"><img loading=\"lazy\" decoding=\"async\" width=\"770\" height=\"1024\" src=\"http:\/\/nanotech.fuw.edu.pl\/wp-content\/uploads\/2024\/02\/Marta2a-e1707912293214-770x1024.jpg\" alt=\"\" class=\"wp-image-110\" srcset=\"https:\/\/nanotech.fuw.edu.pl\/wp-content\/uploads\/2024\/02\/Marta2a-e1707912293214-770x1024.jpg 770w, https:\/\/nanotech.fuw.edu.pl\/wp-content\/uploads\/2024\/02\/Marta2a-e1707912293214-226x300.jpg 226w, https:\/\/nanotech.fuw.edu.pl\/wp-content\/uploads\/2024\/02\/Marta2a-e1707912293214-768x1021.jpg 768w, https:\/\/nanotech.fuw.edu.pl\/wp-content\/uploads\/2024\/02\/Marta2a-e1707912293214.jpg 850w\" sizes=\"auto, (max-width: 770px) 100vw, 770px\" \/><figcaption class=\"wp-element-caption\">mgr Marta Bilska<br>samodzielny referent in\u017cynieryjno-techniczny w IFD WF UW <br>tel. 22 55 32 875<br>e-mail Marta.Bilska@fuw.edu.pl<\/figcaption><\/figure>\n<\/div>\n\n\n\n<div class=\"wp-block-column is-layout-flow wp-block-column-is-layout-flow\"><\/div>\n<\/div>\n\n\n\n<h6 class=\"wp-block-heading\"><a href=\"https:\/\/nanotech.fuw.edu.pl\/?page_id=298\">Laboratorium Osadzania warstw atomowych (ALD)<\/a><\/h6>\n\n\n\n<div class=\"wp-block-columns is-layout-flex wp-container-core-columns-is-layout-28f84493 wp-block-columns-is-layout-flex\">\n<div class=\"wp-block-column is-layout-flow wp-block-column-is-layout-flow\">\n<figure class=\"wp-block-image size-large\" id=\"Aliaksei_Bohdan\"><img loading=\"lazy\" decoding=\"async\" width=\"770\" height=\"1024\" src=\"http:\/\/nanotech.fuw.edu.pl\/wp-content\/uploads\/2025\/09\/Aliaksei_a-e1757335483163-770x1024.jpg\" alt=\"\" class=\"wp-image-1033\" srcset=\"https:\/\/nanotech.fuw.edu.pl\/wp-content\/uploads\/2025\/09\/Aliaksei_a-e1757335483163-770x1024.jpg 770w, https:\/\/nanotech.fuw.edu.pl\/wp-content\/uploads\/2025\/09\/Aliaksei_a-e1757335483163-226x300.jpg 226w, https:\/\/nanotech.fuw.edu.pl\/wp-content\/uploads\/2025\/09\/Aliaksei_a-e1757335483163-768x1021.jpg 768w, https:\/\/nanotech.fuw.edu.pl\/wp-content\/uploads\/2025\/09\/Aliaksei_a-e1757335483163-9x12.jpg 9w, https:\/\/nanotech.fuw.edu.pl\/wp-content\/uploads\/2025\/09\/Aliaksei_a-e1757335483163.jpg 850w\" sizes=\"auto, (max-width: 770px) 100vw, 770px\" \/><\/figure>\n<\/div>\n\n\n\n<div class=\"wp-block-column is-layout-flow wp-block-column-is-layout-flow\"><\/div>\n<\/div>\n\n\n\n<div class=\"wp-block-columns is-layout-flex wp-container-core-columns-is-layout-28f84493 wp-block-columns-is-layout-flex\">\n<div class=\"wp-block-column is-layout-flow wp-block-column-is-layout-flow\" style=\"flex-basis:100%\">\n<p>mgr Aliaksei Bohdan<br \/>pracownik nieetatowy w IFD WF UW <br \/>tel. 22 55 32 748<br \/>e-mail Aliaksei.Bohdan@fuw.edu.pl<\/p>\n<\/div>\n<\/div>\n\n\n\n<div class=\"wp-block-columns is-layout-flex wp-container-core-columns-is-layout-28f84493 wp-block-columns-is-layout-flex\">\n<div class=\"wp-block-column is-layout-flow wp-block-column-is-layout-flow\"><\/div>\n<\/div>\n\n\n\n<p><\/p>\n","protected":false},"excerpt":{"rendered":"<p>OpiekunOWIE naukowo-dydaktycznI personel badawczo-techniczny laboratorium mikroskopii si\u0142 atomowych i skaningowej mikroskopii tunelowej Laboratorium litografii laboratorium epitaksji ze zwi\u0105zk\u00f3w metaloorganicznych (MOVPE) Laboratorium dyfraktometrii rentgenowskiej Laboratorium mikroskopii elektronowej Laboratorium Osadzania warstw atomowych (ALD) mgr Aliaksei Bohdanpracownik nieetatowy w IFD WF UW tel. 22 55 32 748e-mail Aliaksei.Bohdan@fuw.edu.pl<\/p>\n","protected":false},"author":1,"featured_media":0,"parent":0,"menu_order":0,"comment_status":"closed","ping_status":"closed","template":"","meta":{"footnotes":""},"class_list":["post-5","page","type-page","status-publish","hentry"],"_links":{"self":[{"href":"https:\/\/nanotech.fuw.edu.pl\/index.php?rest_route=\/wp\/v2\/pages\/5","targetHints":{"allow":["GET"]}}],"collection":[{"href":"https:\/\/nanotech.fuw.edu.pl\/index.php?rest_route=\/wp\/v2\/pages"}],"about":[{"href":"https:\/\/nanotech.fuw.edu.pl\/index.php?rest_route=\/wp\/v2\/types\/page"}],"author":[{"embeddable":true,"href":"https:\/\/nanotech.fuw.edu.pl\/index.php?rest_route=\/wp\/v2\/users\/1"}],"replies":[{"embeddable":true,"href":"https:\/\/nanotech.fuw.edu.pl\/index.php?rest_route=%2Fwp%2Fv2%2Fcomments&post=5"}],"version-history":[{"count":70,"href":"https:\/\/nanotech.fuw.edu.pl\/index.php?rest_route=\/wp\/v2\/pages\/5\/revisions"}],"predecessor-version":[{"id":1090,"href":"https:\/\/nanotech.fuw.edu.pl\/index.php?rest_route=\/wp\/v2\/pages\/5\/revisions\/1090"}],"wp:attachment":[{"href":"https:\/\/nanotech.fuw.edu.pl\/index.php?rest_route=%2Fwp%2Fv2%2Fmedia&parent=5"}],"curies":[{"name":"wp","href":"https:\/\/api.w.org\/{rel}","templated":true}]}}