{"id":502,"date":"2024-05-14T10:51:48","date_gmt":"2024-05-14T08:51:48","guid":{"rendered":"https:\/\/nanotech.fuw.edu.pl\/?page_id=502"},"modified":"2024-05-14T12:03:00","modified_gmt":"2024-05-14T10:03:00","slug":"pracownia-preparatyki-probek-sem-i-tem","status":"publish","type":"page","link":"https:\/\/nanotech.fuw.edu.pl\/?page_id=502","title":{"rendered":"Pracownia preparatyki pr\u00f3bek SEM i TEM"},"content":{"rendered":"<p>Pracownik odpowiedzialny:<\/p>\n<p><a href=\"https:\/\/nanotech.fuw.edu.pl\/?page_id=5#Marta_Bilska\">mgr Marta Bilska<\/a><\/p>\n<p>pomieszczenie: 01.192<\/p>\n\n\n<p><strong>PECS GATAN model 682 (Precision Etching Coating System) &#8211; uk\u0142ad do precyzyjnego trawienia i naparowywania metali.<\/strong><\/p>\n\n\n\n<p><strong>PECS GATAN model 682 (Precision Etching Coating System) is a completely self-contained, compact, bench-top instrument designed to etch and coat samples.<\/strong><\/p>\n\n\n\n<figure class=\"wp-block-image size-large\"><img loading=\"lazy\" decoding=\"async\" width=\"1024\" height=\"786\" src=\"http:\/\/nanotech.fuw.edu.pl\/wp-content\/uploads\/2024\/05\/pecs2c-1024x786.jpg\" alt=\"\" class=\"wp-image-509\" srcset=\"https:\/\/nanotech.fuw.edu.pl\/wp-content\/uploads\/2024\/05\/pecs2c-1024x786.jpg 1024w, https:\/\/nanotech.fuw.edu.pl\/wp-content\/uploads\/2024\/05\/pecs2c-300x230.jpg 300w, https:\/\/nanotech.fuw.edu.pl\/wp-content\/uploads\/2024\/05\/pecs2c-768x589.jpg 768w, https:\/\/nanotech.fuw.edu.pl\/wp-content\/uploads\/2024\/05\/pecs2c-1536x1179.jpg 1536w, https:\/\/nanotech.fuw.edu.pl\/wp-content\/uploads\/2024\/05\/pecs2c-2048x1572.jpg 2048w\" sizes=\"auto, (max-width: 1024px) 100vw, 1024px\" \/><figcaption class=\"wp-element-caption\">PECS GATAN model 682<\/figcaption><\/figure>\n\n\n<p>Charakterystyka:<\/p>\n<ul>\n<li>polerowanie, wytrawianie lub naparowywanie<\/li>\n<li>zautomatyzowany system polerowania jonami argonu<\/li>\n<li>napi\u0119cie wytrawiaj\u0105ce do 10 kV<\/li>\n<li>mo\u017cliwo\u015bci powlekania r\u00f3\u017cnymi materia\u0142ami (C, Cr, Pt, Ti, Au, Au\/Pd, Al, SiO<sub>2<\/sub>)<\/li>\n<li>pr\u00f3bki o \u015brednicy do 36 mm.<\/li>\n<\/ul>\n<p>Characteristics:<\/p>\n<ul>\n<li>Polish, etch or coat samples,<\/li>\n<li>Automated argon ion polishing system,<\/li>\n<li>Etch voltages up to 10 kV,<\/li>\n<li>Coating options with different materials (C, Cr, Pt, Ti, Au, Au\/Pd, Al and SiO<sub>2<\/sub>),<\/li>\n<li>Samples up to 36 mm in diameter.<\/li>\n<\/ul>\n\n\n<p><strong>PIPS GATAN model 691 (Precision Ion Polishing System) &#8211; system precyzyjnego trawienia jonowego.<\/strong> <\/p>\n\n\n\n<p><strong>PIPS GATAN model 691 (Precision Ion Polishing System)<\/strong><\/p>\n\n\n\n<figure class=\"wp-block-image size-large\"><img loading=\"lazy\" decoding=\"async\" width=\"1024\" height=\"775\" src=\"http:\/\/nanotech.fuw.edu.pl\/wp-content\/uploads\/2024\/05\/pips1a-1024x775.jpg\" alt=\"\" class=\"wp-image-510\" srcset=\"https:\/\/nanotech.fuw.edu.pl\/wp-content\/uploads\/2024\/05\/pips1a-1024x775.jpg 1024w, https:\/\/nanotech.fuw.edu.pl\/wp-content\/uploads\/2024\/05\/pips1a-300x227.jpg 300w, https:\/\/nanotech.fuw.edu.pl\/wp-content\/uploads\/2024\/05\/pips1a-768x581.jpg 768w, https:\/\/nanotech.fuw.edu.pl\/wp-content\/uploads\/2024\/05\/pips1a-1536x1162.jpg 1536w, https:\/\/nanotech.fuw.edu.pl\/wp-content\/uploads\/2024\/05\/pips1a-2048x1550.jpg 2048w\" sizes=\"auto, (max-width: 1024px) 100vw, 1024px\" \/><figcaption class=\"wp-element-caption\">PIPS GATAN model 691<\/figcaption><\/figure>\n\n\n<p>Charakterystyka:<\/p>\n<ul>\n<li>urz\u0105dzenie do precyzyjnego pocieniania jonami argonu,<\/li>\n<li>kamera do obserwacji procesu w czasie rzeczywistym,<\/li>\n<li>zestaw dedykowanych uchwyt\u00f3w do mocowania pr\u00f3bek,<\/li>\n<li>napi\u0119cie 0,1\u00f76 kV.<\/li>\n<\/ul>\n<p>Characteristics:<\/p>\n<ul>\n<li>device for precise thinning with argon ions,<\/li>\n<li>a camera for real-time observation of the process,<\/li>\n<li>a set of dedicated holders for fixing samples,<\/li>\n<li>voltage 0.1\u00f76 kV.<\/li>\n<\/ul>","protected":false},"excerpt":{"rendered":"<p>Pracownik odpowiedzialny: mgr Marta Bilska pomieszczenie: 01.192 PECS GATAN model 682 (Precision Etching Coating System) &#8211; uk\u0142ad do precyzyjnego trawienia i naparowywania metali. PECS GATAN model 682 (Precision Etching Coating System) is a completely self-contained, compact, bench-top instrument designed to etch and coat samples. Charakterystyka: polerowanie, wytrawianie lub naparowywanie zautomatyzowany system polerowania jonami argonu napi\u0119cie [&hellip;]<\/p>\n","protected":false},"author":4,"featured_media":0,"parent":8,"menu_order":0,"comment_status":"closed","ping_status":"closed","template":"","meta":{"footnotes":""},"class_list":["post-502","page","type-page","status-publish","hentry"],"_links":{"self":[{"href":"https:\/\/nanotech.fuw.edu.pl\/index.php?rest_route=\/wp\/v2\/pages\/502","targetHints":{"allow":["GET"]}}],"collection":[{"href":"https:\/\/nanotech.fuw.edu.pl\/index.php?rest_route=\/wp\/v2\/pages"}],"about":[{"href":"https:\/\/nanotech.fuw.edu.pl\/index.php?rest_route=\/wp\/v2\/types\/page"}],"author":[{"embeddable":true,"href":"https:\/\/nanotech.fuw.edu.pl\/index.php?rest_route=\/wp\/v2\/users\/4"}],"replies":[{"embeddable":true,"href":"https:\/\/nanotech.fuw.edu.pl\/index.php?rest_route=%2Fwp%2Fv2%2Fcomments&post=502"}],"version-history":[{"count":13,"href":"https:\/\/nanotech.fuw.edu.pl\/index.php?rest_route=\/wp\/v2\/pages\/502\/revisions"}],"predecessor-version":[{"id":523,"href":"https:\/\/nanotech.fuw.edu.pl\/index.php?rest_route=\/wp\/v2\/pages\/502\/revisions\/523"}],"up":[{"embeddable":true,"href":"https:\/\/nanotech.fuw.edu.pl\/index.php?rest_route=\/wp\/v2\/pages\/8"}],"wp:attachment":[{"href":"https:\/\/nanotech.fuw.edu.pl\/index.php?rest_route=%2Fwp%2Fv2%2Fmedia&parent=502"}],"curies":[{"name":"wp","href":"https:\/\/api.w.org\/{rel}","templated":true}]}}