{"id":585,"date":"2024-06-14T12:46:14","date_gmt":"2024-06-14T10:46:14","guid":{"rendered":"https:\/\/nanotech.fuw.edu.pl\/?page_id=585"},"modified":"2024-09-24T14:22:29","modified_gmt":"2024-09-24T12:22:29","slug":"laboratorium-spektrofotometrii","status":"publish","type":"page","link":"https:\/\/nanotech.fuw.edu.pl\/?page_id=585","title":{"rendered":"Laboratorium Spektrofotometrii"},"content":{"rendered":"\n<figure class=\"wp-block-image size-large\"><img loading=\"lazy\" decoding=\"async\" width=\"1024\" height=\"874\" src=\"http:\/\/nanotech.fuw.edu.pl\/wp-content\/uploads\/2024\/06\/1-carry-maly-1024x874.jpg\" alt=\"\" class=\"wp-image-597\" srcset=\"https:\/\/nanotech.fuw.edu.pl\/wp-content\/uploads\/2024\/06\/1-carry-maly-1024x874.jpg 1024w, https:\/\/nanotech.fuw.edu.pl\/wp-content\/uploads\/2024\/06\/1-carry-maly-300x256.jpg 300w, https:\/\/nanotech.fuw.edu.pl\/wp-content\/uploads\/2024\/06\/1-carry-maly-768x656.jpg 768w, https:\/\/nanotech.fuw.edu.pl\/wp-content\/uploads\/2024\/06\/1-carry-maly-1536x1311.jpg 1536w, https:\/\/nanotech.fuw.edu.pl\/wp-content\/uploads\/2024\/06\/1-carry-maly-2048x1749.jpg 2048w\" sizes=\"auto, (max-width: 1024px) 100vw, 1024px\" \/><figcaption class=\"wp-element-caption\">Varian Cary 5000<\/figcaption><\/figure>\n\n\n<p><strong>Varian Cary 5000\u00a0<\/strong>to spektrofotometr UV-Vis-NIR pozwalaj\u0105cy na badania optyczne w szerokim zakresie spektralnym 175 &#8211; 3300 nm. Urz\u0105dzenie, dzi\u0119ki r\u00f3\u017cnym trybom pracy oraz dodatkowym akcesoriom, umo\u017cliwia badanie proces\u00f3w oddzia\u0142ywania \u015bwiat\u0142a z materi\u0105:<\/p>\n<ul>\n<li>pomiar absorbancji,<\/li>\n<li>pomiar transmisji,<\/li>\n<li>pomiar odbicia,<\/li>\n<li>pomiar odbicia w modzie sfery ca\u0142kuj\u0105cej.<\/li>\n<\/ul>\n<p>Dzi\u0119ki takiej analizie mo\u017cliwa jest identyfikacja badanego materia\u0142u, kontrola jako\u015bci otrzymywanych pr\u00f3bek, zbadanie sk\u0142adu czy oznaczenie st\u0119\u017cenia chemicznego. Spektrofotometr b\u0119d\u0105cy w dyspozycji\u00a0Laboratori\u00f3w Nanotechnologii i Struktur P\u00f3\u0142przewodnikowych\u00a0jest dodatkowo wyposa\u017cony w kriostat, dzi\u0119ki kt\u00f3remu mo\u017cliwe jest badanie w\u0142a\u015bciwo\u015bci optycznych materia\u0142\u00f3w dla r\u00f3\u017cnych temperatur.<\/p>\n\n\n<figure class=\"wp-block-image size-large\"><img loading=\"lazy\" decoding=\"async\" width=\"1024\" height=\"768\" src=\"http:\/\/nanotech.fuw.edu.pl\/wp-content\/uploads\/2024\/06\/3-uklad-odbicie-maly-1024x768.jpg\" alt=\"\" class=\"wp-image-592\" srcset=\"https:\/\/nanotech.fuw.edu.pl\/wp-content\/uploads\/2024\/06\/3-uklad-odbicie-maly-1024x768.jpg 1024w, https:\/\/nanotech.fuw.edu.pl\/wp-content\/uploads\/2024\/06\/3-uklad-odbicie-maly-300x225.jpg 300w, https:\/\/nanotech.fuw.edu.pl\/wp-content\/uploads\/2024\/06\/3-uklad-odbicie-maly-768x576.jpg 768w, https:\/\/nanotech.fuw.edu.pl\/wp-content\/uploads\/2024\/06\/3-uklad-odbicie-maly-1536x1152.jpg 1536w, https:\/\/nanotech.fuw.edu.pl\/wp-content\/uploads\/2024\/06\/3-uklad-odbicie-maly-2048x1536.jpg 2048w\" sizes=\"auto, (max-width: 1024px) 100vw, 1024px\" \/><figcaption class=\"wp-element-caption\">Uk\u0142ad do pomiaru odbicia<\/figcaption><\/figure>\n\n\n<p><strong>Uk\u0142ad do pomiaru odbicia<\/strong>, ustawiony w laboratorium spektrofotometrii, wykorzystuje \u017ar\u00f3d\u0142o \u015bwiat\u0142a widzialnego, kt\u00f3rego promienie s\u0105 prowadzone \u015bwiat\u0142owodem bezpo\u015brednio w kierunku badanej pr\u00f3bki. Po odbiciu \u015bwiat\u0142a od jej powierzchni, sygna\u0142 trafia do spektrometru Ocean Optics. Unikaln\u0105 cech\u0105 naszego systemu jest mo\u017cliwo\u015b\u0107 mapowania pr\u00f3bek poprzez precyzyjne przemieszczanie \u015bwiat\u0142owodu w p\u0142aszczy\u017anie XY. To rozwi\u0105zanie pozwala na okre\u015blanie jednorodno\u015bci wyhodowanych warstw.<\/p>","protected":false},"excerpt":{"rendered":"<p>Varian Cary 5000\u00a0to spektrofotometr UV-Vis-NIR pozwalaj\u0105cy na badania optyczne w szerokim zakresie spektralnym 175 &#8211; 3300 nm. Urz\u0105dzenie, dzi\u0119ki r\u00f3\u017cnym trybom pracy oraz dodatkowym akcesoriom, umo\u017cliwia badanie proces\u00f3w oddzia\u0142ywania \u015bwiat\u0142a z materi\u0105: pomiar absorbancji, pomiar transmisji, pomiar odbicia, pomiar odbicia w modzie sfery ca\u0142kuj\u0105cej. Dzi\u0119ki takiej analizie mo\u017cliwa jest identyfikacja badanego materia\u0142u, kontrola jako\u015bci otrzymywanych [&hellip;]<\/p>\n","protected":false},"author":4,"featured_media":0,"parent":8,"menu_order":0,"comment_status":"closed","ping_status":"closed","template":"","meta":{"footnotes":""},"class_list":["post-585","page","type-page","status-publish","hentry"],"_links":{"self":[{"href":"https:\/\/nanotech.fuw.edu.pl\/index.php?rest_route=\/wp\/v2\/pages\/585","targetHints":{"allow":["GET"]}}],"collection":[{"href":"https:\/\/nanotech.fuw.edu.pl\/index.php?rest_route=\/wp\/v2\/pages"}],"about":[{"href":"https:\/\/nanotech.fuw.edu.pl\/index.php?rest_route=\/wp\/v2\/types\/page"}],"author":[{"embeddable":true,"href":"https:\/\/nanotech.fuw.edu.pl\/index.php?rest_route=\/wp\/v2\/users\/4"}],"replies":[{"embeddable":true,"href":"https:\/\/nanotech.fuw.edu.pl\/index.php?rest_route=%2Fwp%2Fv2%2Fcomments&post=585"}],"version-history":[{"count":12,"href":"https:\/\/nanotech.fuw.edu.pl\/index.php?rest_route=\/wp\/v2\/pages\/585\/revisions"}],"predecessor-version":[{"id":616,"href":"https:\/\/nanotech.fuw.edu.pl\/index.php?rest_route=\/wp\/v2\/pages\/585\/revisions\/616"}],"up":[{"embeddable":true,"href":"https:\/\/nanotech.fuw.edu.pl\/index.php?rest_route=\/wp\/v2\/pages\/8"}],"wp:attachment":[{"href":"https:\/\/nanotech.fuw.edu.pl\/index.php?rest_route=%2Fwp%2Fv2%2Fmedia&parent=585"}],"curies":[{"name":"wp","href":"https:\/\/api.w.org\/{rel}","templated":true}]}}