{"id":664,"date":"2025-07-08T15:00:28","date_gmt":"2025-07-08T13:00:28","guid":{"rendered":"https:\/\/nanotech.fuw.edu.pl\/?page_id=664"},"modified":"2025-08-23T13:25:12","modified_gmt":"2025-08-23T11:25:12","slug":"promocja-nanotech","status":"publish","type":"page","link":"https:\/\/nanotech.fuw.edu.pl\/?page_id=664","title":{"rendered":"Promocja Nanotech"},"content":{"rendered":"\n<h4 class=\"wp-block-heading\"><a href=\"https:\/\/nanotech.fuw.edu.pl\/?page_id=862\" data-type=\"page\" data-id=\"862\">Wsp\u00f3\u0142praca z Fundacj\u0105 Prowadnica<\/a><\/h4>\n\n\n\n<p>2025 r. <a href=\"https:\/\/prowadnica.org\/2025\/07\/31\/wiosenne-porzadki-w-letnim-sloncu-czyli-podsumowanie-ii-kwartalu-2025-wpis-zdemasakrowany\/\">Link do  strony Fundacji Prowadnica z podzi\u0119kowaniami dla pracownik\u00f3w Nanotech<\/a><\/p>\n\n\n\n<h4 class=\"wp-block-heading\"><a href=\"https:\/\/nanotech.fuw.edu.pl\/?page_id=864\" data-type=\"page\" data-id=\"864\">Nanotech na spotkaniach Og\u00f3lnopolskiego Klubu Demonstrator\u00f3w Fizyki<\/a><\/h4>\n\n\n\n<p>2025 r. <a href=\"https:\/\/nanotech.fuw.edu.pl\/?page_id=680\" data-type=\"page\" data-id=\"680\">Co \u0142\u0105czy Bia\u0142\u0105 Dam\u0119 z plagami egipskimi? O nieoczekiwanych skutkach maria\u017cu z\u0142ota z aluminium.<\/a><\/p>\n\n\n\n<p>2024 r. <a href=\"https:\/\/nanotech.fuw.edu.pl\/?page_id=687\" data-type=\"page\" data-id=\"687\">Fotolitografia, czyli rze\u017abienie \u015bwiat\u0142em. Ods\u0142ona druga \u2013 barwy.<\/a><\/p>\n\n\n\n<p>2023 r. <a href=\"https:\/\/nanotech.fuw.edu.pl\/?page_id=674\" data-type=\"page\" data-id=\"674\">Jak zapobiega\u0107 koalescencji i co ciekawego mo\u017ce z tego wynikn\u0105\u0107?<\/a><\/p>\n\n\n\n<p>2022 r. <a href=\"https:\/\/nanotech.fuw.edu.pl\/?page_id=692\" data-type=\"page\" data-id=\"692\">Fotolitografia, czyli rze\u017abienie \u015bwiat\u0142em<\/a><\/p>\n\n\n\n<p><\/p>\n\n\n\n<p><\/p>\n\n\n\n<p><\/p>\n\n\n\n<p><\/p>\n\n\n\n<p><\/p>\n","protected":false},"excerpt":{"rendered":"<p>Wsp\u00f3\u0142praca z Fundacj\u0105 Prowadnica 2025 r. Link do strony Fundacji Prowadnica z podzi\u0119kowaniami dla pracownik\u00f3w Nanotech Nanotech na spotkaniach Og\u00f3lnopolskiego Klubu Demonstrator\u00f3w Fizyki 2025 r. Co \u0142\u0105czy Bia\u0142\u0105 Dam\u0119 z plagami egipskimi? O nieoczekiwanych skutkach maria\u017cu z\u0142ota z aluminium. 2024 r. Fotolitografia, czyli rze\u017abienie \u015bwiat\u0142em. Ods\u0142ona druga \u2013 barwy. 2023 r. Jak zapobiega\u0107 koalescencji i [&hellip;]<\/p>\n","protected":false},"author":4,"featured_media":0,"parent":0,"menu_order":0,"comment_status":"closed","ping_status":"closed","template":"","meta":{"footnotes":""},"class_list":["post-664","page","type-page","status-publish","hentry"],"_links":{"self":[{"href":"https:\/\/nanotech.fuw.edu.pl\/index.php?rest_route=\/wp\/v2\/pages\/664","targetHints":{"allow":["GET"]}}],"collection":[{"href":"https:\/\/nanotech.fuw.edu.pl\/index.php?rest_route=\/wp\/v2\/pages"}],"about":[{"href":"https:\/\/nanotech.fuw.edu.pl\/index.php?rest_route=\/wp\/v2\/types\/page"}],"author":[{"embeddable":true,"href":"https:\/\/nanotech.fuw.edu.pl\/index.php?rest_route=\/wp\/v2\/users\/4"}],"replies":[{"embeddable":true,"href":"https:\/\/nanotech.fuw.edu.pl\/index.php?rest_route=%2Fwp%2Fv2%2Fcomments&post=664"}],"version-history":[{"count":35,"href":"https:\/\/nanotech.fuw.edu.pl\/index.php?rest_route=\/wp\/v2\/pages\/664\/revisions"}],"predecessor-version":[{"id":898,"href":"https:\/\/nanotech.fuw.edu.pl\/index.php?rest_route=\/wp\/v2\/pages\/664\/revisions\/898"}],"wp:attachment":[{"href":"https:\/\/nanotech.fuw.edu.pl\/index.php?rest_route=%2Fwp%2Fv2%2Fmedia&parent=664"}],"curies":[{"name":"wp","href":"https:\/\/api.w.org\/{rel}","templated":true}]}}