{"id":674,"date":"2025-07-08T15:26:31","date_gmt":"2025-07-08T13:26:31","guid":{"rendered":"https:\/\/nanotech.fuw.edu.pl\/?page_id=674"},"modified":"2025-08-22T16:51:22","modified_gmt":"2025-08-22T14:51:22","slug":"jak-zapobiegac-koalescencji-i-co-ciekawego-moze-z-tego-wyniknac","status":"publish","type":"page","link":"https:\/\/nanotech.fuw.edu.pl\/?page_id=674","title":{"rendered":"Jak zapobiega\u0107 koalescencji i co ciekawego mo\u017ce z tego wynikn\u0105\u0107?"},"content":{"rendered":"\n<p>W dniach 26-29 czerwca 2023 roku w Szczyrku odby\u0142o si\u0119 XXIII Spotkanie Og\u00f3lnopolskiego Klubu Demonstrator\u00f3w Fizyki. Gospodarzem spotkania by\u0142&nbsp;Wydzia\u0142 Nauk \u015acis\u0142ych i Technicznych Uniwersytetu \u015al\u0105skiego w Katowicach. W&nbsp;spotkaniach&nbsp;Klubu<strong>&nbsp;<\/strong>corocznie uczestnicz\u0105 fizycy z polskich uczelni wy\u017cszych i&nbsp;nauczyciele zainteresowani wykorzystaniem eksperymentu w dydaktyce nauk przyrodniczych.<\/p>\n\n\n\n<p>W czasie tego spotkania Laboratorium Litografii Nanotechu reprezentowane by\u0142o przez&nbsp;<strong>Natasz\u0119 Gajd\u0119<\/strong>&nbsp;oraz&nbsp;<strong>Karola Nogajewskiego<\/strong>.<\/p>\n\n\n\n<p>Tytu\u0142: <strong>Jak zapobiega\u0107 koalescencji i co ciekawego mo\u017ce z tego wynikn\u0105\u0107?<\/strong><\/p>\n\n\n\n<p>Opis prezentacji:<\/p>\n\n\n\n<p>Koalescencja to zjawisko polegaj\u0105ce na \u0142\u0105czeniu si\u0119 ma\u0142ych kropelek cieczy w wi\u0119ksze krople wskutek zachodz\u0105cych pomi\u0119dzy nimi zderze\u0144. Ma ona r\u00f3wnie\u017c miejsce wtedy, kiedy krople danej cieczy spadaj\u0105 na powierzchni\u0119 wype\u0142nionego ni\u0105, nieruchomego naczynia. Okazuje si\u0119, \u017ce w przypadku wybranych cieczy przebieg tego procesu mo\u017cna znacz\u0105co spowolni\u0107, a dysponuj\u0105c bardzo dobrze kontrolowanym uk\u0142adem do\u015bwiadczalnym praktycznie zahamowa\u0107, je\u017celi naczynie z ciesz\u0105 zostanie wprawione w&nbsp;drgania pionowe z odpowiedni\u0105 cz\u0119stotliwo\u015bci\u0105 i amplitud\u0105. Kropelki o \u015brednicy mniejszej od granicznej, podyktowanej w\u0142a\u015bciwo\u015bciami hydrodynamicznymi cieczy i dzia\u0142aj\u0105c\u0105 na ni\u0105 si\u0142\u0105, zaczn\u0105 w\u00f3wczas b\u0105d\u017a p\u0142ywa\u0107 na powierzchni cieczy, b\u0105d\u017a te\u017c podskakiwa\u0107 na niej w spos\u00f3b zsynchronizowany z drganiami naczynia. W okre\u015blonych warunkach, a mianowicie w pobli\u017cu tzw. niestabilno\u015bci Faradaya, mog\u0105 one r\u00f3wnie\u017c przybra\u0107 posta\u0107 samonap\u0119dzaj\u0105cych si\u0119 w\u0119drowc\u00f3w, poruszaj\u0105cych si\u0119 po powierzchni cieczy niczym surfer na falach oceanu. W takim uk\u0142adzie mo\u017cna zaobserwowa\u0107 szereg niezwykle ciekawych efekt\u00f3w wielocia\u0142owych, spo\u015br\u00f3d kt\u00f3rych cz\u0119\u015b\u0107 ma szczeg\u00f3lne walory dydaktyczne jako makroskopowe modele zjawisk kwantowych.<\/p>\n\n\n\n<p>W czasie pokazu zademonstrujemy prosty uk\u0142ad do\u015bwiadczalny, kt\u00f3ry z \u0142atwo\u015bci\u0105 mo\u017cna zestawi\u0107 w&nbsp;domu lub szkole, pozwalaj\u0105cy na zrealizowanie wielu opisanych wy\u017cej sytuacji fizycznych. &nbsp;<\/p>\n\n\n\n<figure class=\"wp-block-image size-full\"><img loading=\"lazy\" decoding=\"async\" width=\"900\" height=\"600\" src=\"http:\/\/nanotech.fuw.edu.pl\/wp-content\/uploads\/2025\/07\/DSC04576.jpg\" alt=\"\" class=\"wp-image-727\" srcset=\"https:\/\/nanotech.fuw.edu.pl\/wp-content\/uploads\/2025\/07\/DSC04576.jpg 900w, https:\/\/nanotech.fuw.edu.pl\/wp-content\/uploads\/2025\/07\/DSC04576-300x200.jpg 300w, https:\/\/nanotech.fuw.edu.pl\/wp-content\/uploads\/2025\/07\/DSC04576-768x512.jpg 768w, https:\/\/nanotech.fuw.edu.pl\/wp-content\/uploads\/2025\/07\/DSC04576-18x12.jpg 18w\" sizes=\"auto, (max-width: 900px) 100vw, 900px\" \/><\/figure>\n\n\n\n<figure class=\"wp-block-image size-full\"><img loading=\"lazy\" decoding=\"async\" width=\"900\" height=\"600\" src=\"http:\/\/nanotech.fuw.edu.pl\/wp-content\/uploads\/2025\/07\/DSC04574.jpg\" alt=\"\" class=\"wp-image-728\" srcset=\"https:\/\/nanotech.fuw.edu.pl\/wp-content\/uploads\/2025\/07\/DSC04574.jpg 900w, https:\/\/nanotech.fuw.edu.pl\/wp-content\/uploads\/2025\/07\/DSC04574-300x200.jpg 300w, https:\/\/nanotech.fuw.edu.pl\/wp-content\/uploads\/2025\/07\/DSC04574-768x512.jpg 768w, https:\/\/nanotech.fuw.edu.pl\/wp-content\/uploads\/2025\/07\/DSC04574-18x12.jpg 18w\" sizes=\"auto, (max-width: 900px) 100vw, 900px\" \/><\/figure>\n\n\n\n<figure class=\"wp-block-image size-large\"><img loading=\"lazy\" decoding=\"async\" width=\"1024\" height=\"576\" src=\"http:\/\/nanotech.fuw.edu.pl\/wp-content\/uploads\/2025\/07\/2023_1-1024x576.jpg\" alt=\"\" class=\"wp-image-816\" srcset=\"https:\/\/nanotech.fuw.edu.pl\/wp-content\/uploads\/2025\/07\/2023_1-1024x576.jpg 1024w, https:\/\/nanotech.fuw.edu.pl\/wp-content\/uploads\/2025\/07\/2023_1-300x169.jpg 300w, https:\/\/nanotech.fuw.edu.pl\/wp-content\/uploads\/2025\/07\/2023_1-768x432.jpg 768w, https:\/\/nanotech.fuw.edu.pl\/wp-content\/uploads\/2025\/07\/2023_1-18x10.jpg 18w, https:\/\/nanotech.fuw.edu.pl\/wp-content\/uploads\/2025\/07\/2023_1.jpg 1280w\" sizes=\"auto, (max-width: 1024px) 100vw, 1024px\" \/><\/figure>\n\n\n\n<figure class=\"wp-block-image size-large\"><img loading=\"lazy\" decoding=\"async\" width=\"1024\" height=\"576\" src=\"http:\/\/nanotech.fuw.edu.pl\/wp-content\/uploads\/2025\/07\/2023_2-1024x576.jpg\" alt=\"\" class=\"wp-image-817\" srcset=\"https:\/\/nanotech.fuw.edu.pl\/wp-content\/uploads\/2025\/07\/2023_2-1024x576.jpg 1024w, https:\/\/nanotech.fuw.edu.pl\/wp-content\/uploads\/2025\/07\/2023_2-300x169.jpg 300w, https:\/\/nanotech.fuw.edu.pl\/wp-content\/uploads\/2025\/07\/2023_2-768x432.jpg 768w, https:\/\/nanotech.fuw.edu.pl\/wp-content\/uploads\/2025\/07\/2023_2-18x10.jpg 18w, https:\/\/nanotech.fuw.edu.pl\/wp-content\/uploads\/2025\/07\/2023_2.jpg 1280w\" sizes=\"auto, (max-width: 1024px) 100vw, 1024px\" \/><\/figure>\n\n\n\n<figure class=\"wp-block-image size-large\"><img loading=\"lazy\" decoding=\"async\" width=\"1024\" height=\"576\" src=\"http:\/\/nanotech.fuw.edu.pl\/wp-content\/uploads\/2025\/07\/2023_3-1024x576.jpg\" alt=\"\" class=\"wp-image-818\" srcset=\"https:\/\/nanotech.fuw.edu.pl\/wp-content\/uploads\/2025\/07\/2023_3-1024x576.jpg 1024w, https:\/\/nanotech.fuw.edu.pl\/wp-content\/uploads\/2025\/07\/2023_3-300x169.jpg 300w, https:\/\/nanotech.fuw.edu.pl\/wp-content\/uploads\/2025\/07\/2023_3-768x432.jpg 768w, https:\/\/nanotech.fuw.edu.pl\/wp-content\/uploads\/2025\/07\/2023_3-18x10.jpg 18w, https:\/\/nanotech.fuw.edu.pl\/wp-content\/uploads\/2025\/07\/2023_3.jpg 1280w\" sizes=\"auto, (max-width: 1024px) 100vw, 1024px\" \/><\/figure>\n\n\n\n<figure class=\"wp-block-image size-large\"><img loading=\"lazy\" decoding=\"async\" width=\"1024\" height=\"576\" src=\"http:\/\/nanotech.fuw.edu.pl\/wp-content\/uploads\/2025\/07\/2023_4-1024x576.jpg\" alt=\"\" class=\"wp-image-819\" srcset=\"https:\/\/nanotech.fuw.edu.pl\/wp-content\/uploads\/2025\/07\/2023_4-1024x576.jpg 1024w, https:\/\/nanotech.fuw.edu.pl\/wp-content\/uploads\/2025\/07\/2023_4-300x169.jpg 300w, https:\/\/nanotech.fuw.edu.pl\/wp-content\/uploads\/2025\/07\/2023_4-768x432.jpg 768w, https:\/\/nanotech.fuw.edu.pl\/wp-content\/uploads\/2025\/07\/2023_4-18x10.jpg 18w, https:\/\/nanotech.fuw.edu.pl\/wp-content\/uploads\/2025\/07\/2023_4.jpg 1280w\" sizes=\"auto, (max-width: 1024px) 100vw, 1024px\" \/><\/figure>\n\n\n\n<figure class=\"wp-block-image size-large\"><img loading=\"lazy\" decoding=\"async\" width=\"1024\" height=\"576\" src=\"http:\/\/nanotech.fuw.edu.pl\/wp-content\/uploads\/2025\/07\/2023_5-1024x576.jpg\" alt=\"\" class=\"wp-image-820\" srcset=\"https:\/\/nanotech.fuw.edu.pl\/wp-content\/uploads\/2025\/07\/2023_5-1024x576.jpg 1024w, https:\/\/nanotech.fuw.edu.pl\/wp-content\/uploads\/2025\/07\/2023_5-300x169.jpg 300w, https:\/\/nanotech.fuw.edu.pl\/wp-content\/uploads\/2025\/07\/2023_5-768x432.jpg 768w, https:\/\/nanotech.fuw.edu.pl\/wp-content\/uploads\/2025\/07\/2023_5-18x10.jpg 18w, https:\/\/nanotech.fuw.edu.pl\/wp-content\/uploads\/2025\/07\/2023_5.jpg 1280w\" sizes=\"auto, (max-width: 1024px) 100vw, 1024px\" \/><\/figure>\n\n\n\n<figure class=\"wp-block-image size-large\"><img loading=\"lazy\" decoding=\"async\" width=\"1024\" height=\"576\" src=\"http:\/\/nanotech.fuw.edu.pl\/wp-content\/uploads\/2025\/07\/2023_6-1024x576.jpg\" alt=\"\" class=\"wp-image-821\" srcset=\"https:\/\/nanotech.fuw.edu.pl\/wp-content\/uploads\/2025\/07\/2023_6-1024x576.jpg 1024w, https:\/\/nanotech.fuw.edu.pl\/wp-content\/uploads\/2025\/07\/2023_6-300x169.jpg 300w, https:\/\/nanotech.fuw.edu.pl\/wp-content\/uploads\/2025\/07\/2023_6-768x432.jpg 768w, https:\/\/nanotech.fuw.edu.pl\/wp-content\/uploads\/2025\/07\/2023_6-18x10.jpg 18w, https:\/\/nanotech.fuw.edu.pl\/wp-content\/uploads\/2025\/07\/2023_6.jpg 1280w\" sizes=\"auto, (max-width: 1024px) 100vw, 1024px\" \/><\/figure>\n\n\n<h5>Najbardziej widowiskowe efekty Zapobiegania koalescencji, jakie uda\u0142o nam si\u0119 zarejestrowa\u0107:<\/h5>\n\n\n<ol class=\"wp-block-list\">\n<li><a href=\"https:\/\/mycloud.fuw.edu.pl\/index.php\/s\/ZdGtdCnmpcW95cD\">Berek<\/a><\/li>\n\n\n\n<li><a href=\"https:\/\/mycloud.fuw.edu.pl\/index.php\/s\/fnKBFRiTr93e2mM\">Czy padnie gol?<\/a><\/li>\n\n\n\n<li><a href=\"https:\/\/mycloud.fuw.edu.pl\/index.php\/s\/JxqT3WgZKzkWLNN\">Jaszczurka<\/a><\/li>\n\n\n\n<li><a href=\"https:\/\/mycloud.fuw.edu.pl\/index.php\/s\/q8C2MzL9bPCw6iB\">Mr\u00f3wka<\/a><\/li>\n\n\n\n<li><a href=\"https:\/\/mycloud.fuw.edu.pl\/index.php\/s\/rHtjcFftG3Hqgtw\">Na trampolinie<\/a><\/li>\n\n\n\n<li><a href=\"https:\/\/mycloud.fuw.edu.pl\/index.php\/s\/Ed8PTjCFnAF723p\">Orbitowanie 1<\/a><\/li>\n\n\n\n<li><a href=\"https:\/\/mycloud.fuw.edu.pl\/index.php\/s\/ZfQXxNx5JB7aEN2\">Orbitowanie 2<\/a><\/li>\n\n\n\n<li><a href=\"https:\/\/mycloud.fuw.edu.pl\/index.php\/s\/wF8fC65GJSWxgq7\">Siedem na jedn\u0105<\/a><\/li>\n\n\n\n<li><a href=\"https:\/\/mycloud.fuw.edu.pl\/index.php\/s\/bp6NJXkmX5pTjWj\">W\u0119drowiec<\/a><\/li>\n\n\n\n<li><a href=\"https:\/\/mycloud.fuw.edu.pl\/index.php\/s\/7AEe7GrddQaqzzd\">Zabawa w tr\u00f3jk\u0105ty<\/a><\/li>\n<\/ol>\n\n\n\n<p><\/p>\n","protected":false},"excerpt":{"rendered":"<p>W dniach 26-29 czerwca 2023 roku w Szczyrku odby\u0142o si\u0119 XXIII Spotkanie Og\u00f3lnopolskiego Klubu Demonstrator\u00f3w Fizyki. Gospodarzem spotkania by\u0142&nbsp;Wydzia\u0142 Nauk \u015acis\u0142ych i Technicznych Uniwersytetu \u015al\u0105skiego w Katowicach. W&nbsp;spotkaniach&nbsp;Klubu&nbsp;corocznie uczestnicz\u0105 fizycy z polskich uczelni wy\u017cszych i&nbsp;nauczyciele zainteresowani wykorzystaniem eksperymentu w dydaktyce nauk przyrodniczych. W czasie tego spotkania Laboratorium Litografii Nanotechu reprezentowane by\u0142o przez&nbsp;Natasz\u0119 Gajd\u0119&nbsp;oraz&nbsp;Karola Nogajewskiego. Tytu\u0142: [&hellip;]<\/p>\n","protected":false},"author":4,"featured_media":0,"parent":864,"menu_order":0,"comment_status":"closed","ping_status":"closed","template":"","meta":{"footnotes":""},"class_list":["post-674","page","type-page","status-publish","hentry"],"_links":{"self":[{"href":"https:\/\/nanotech.fuw.edu.pl\/index.php?rest_route=\/wp\/v2\/pages\/674","targetHints":{"allow":["GET"]}}],"collection":[{"href":"https:\/\/nanotech.fuw.edu.pl\/index.php?rest_route=\/wp\/v2\/pages"}],"about":[{"href":"https:\/\/nanotech.fuw.edu.pl\/index.php?rest_route=\/wp\/v2\/types\/page"}],"author":[{"embeddable":true,"href":"https:\/\/nanotech.fuw.edu.pl\/index.php?rest_route=\/wp\/v2\/users\/4"}],"replies":[{"embeddable":true,"href":"https:\/\/nanotech.fuw.edu.pl\/index.php?rest_route=%2Fwp%2Fv2%2Fcomments&post=674"}],"version-history":[{"count":15,"href":"https:\/\/nanotech.fuw.edu.pl\/index.php?rest_route=\/wp\/v2\/pages\/674\/revisions"}],"predecessor-version":[{"id":839,"href":"https:\/\/nanotech.fuw.edu.pl\/index.php?rest_route=\/wp\/v2\/pages\/674\/revisions\/839"}],"up":[{"embeddable":true,"href":"https:\/\/nanotech.fuw.edu.pl\/index.php?rest_route=\/wp\/v2\/pages\/864"}],"wp:attachment":[{"href":"https:\/\/nanotech.fuw.edu.pl\/index.php?rest_route=%2Fwp%2Fv2%2Fmedia&parent=674"}],"curies":[{"name":"wp","href":"https:\/\/api.w.org\/{rel}","templated":true}]}}