{"id":8,"date":"2023-05-19T16:05:32","date_gmt":"2023-05-19T14:05:32","guid":{"rendered":"https:\/\/nanotech.fuw.edu.pl\/?page_id=8"},"modified":"2025-10-03T12:42:20","modified_gmt":"2025-10-03T10:42:20","slug":"laboratoria","status":"publish","type":"page","link":"https:\/\/nanotech.fuw.edu.pl\/?page_id=8","title":{"rendered":"Laboratoria"},"content":{"rendered":"\n<h4 class=\"wp-block-heading\"><strong>Wyposa\u017cenie &#8211; lista os\u00f3b odpowiedzialnych<\/strong><\/h4>\n\n\n\n<h5 class=\"wp-block-heading\"><a href=\"https:\/\/nanotech.fuw.edu.pl\/?page_id=229\" data-type=\"page\" data-id=\"229\">Laboratorium Mikroskopii Si\u0142 AtomowycH (AFM)<\/a><\/h5>\n\n\n<ol>\n<li><a href=\"https:\/\/nanotech.fuw.edu.pl\/?page_id=233\">Digital Instruments, model: MultiMode AFM-2 z kontrolerem NanoScope IIIA i przystawk\u0105 Extender Electronics Module.<\/a><\/li>\n<li><a href=\"https:\/\/nanotech.fuw.edu.pl\/?page_id=237\">Scienta Omicron, model: VT XA zainstalowany w uk\u0142adzie pr\u00f3\u017cniowym z pojedyncz\u0105 komor\u0105.<\/a><\/li>\n<li><a href=\"https:\/\/nanotech.fuw.edu.pl\/?page_id=241\">Bruker, model: Dimension Icon z kontrolerem NanoScope VI.<\/a><\/li>\n<\/ol>\n<p>Pracownicy laboratorium AFM:<\/p>\n<p><a href=\"https:\/\/nanotech.fuw.edu.pl\/?page_id=5#Rafal-Bozek\">mgr Rafa\u0142 Bo\u017cek<\/a><\/p>\n<p><a href=\"https:\/\/nanotech.fuw.edu.pl\/?page_id=5#Jan_Pawlowski\">dr Jan Paw\u0142owski<\/a><\/p>\n\n\n<h5 class=\"wp-block-heading\"><a href=\"https:\/\/nanotech.fuw.edu.pl\/?page_id=318\" data-type=\"page\" data-id=\"318\">Laboratorium Mikroskopii elektronowej<\/a><\/h5>\n\n\n\n<p>Mikroskop elektronowy Dual Beam HELIOS NanoLab 600<\/p>\n\n\n\n<p>Pracownicy laboratorium:<\/p>\n\n\n\n<p><a href=\"https:\/\/nanotech.fuw.edu.pl\/?page_id=5#Mateusz_Tokarczyk\">dr Mateusz Tokarczyk<\/a><\/p>\n\n\n\n<p><a href=\"https:\/\/nanotech.fuw.edu.pl\/?page_id=5#Marta_Bilska\">mgr Marta Bilska<\/a><\/p>\n\n\n\n<h5 class=\"wp-block-heading\"><a href=\"https:\/\/nanotech.fuw.edu.pl\/?page_id=298\" data-type=\"page\" data-id=\"298\">Laboratorium osadzania warstw atomowych (ALD)<\/a><\/h5>\n\n\n<p>Urz\u0105dzenie do osadzania warstw atomowych ALD (Atomic layer deposition).<\/p>\n<p>Pracownik odpowiedzialny:<\/p>\n<p><a href=\"https:\/\/nanotech.fuw.edu.pl\/?page_id=5#Aliaksei_Bohdan\">mgr Aliaksei Bohdan<\/a><\/p>\n\n\n<h5 class=\"wp-block-heading\"><a href=\"https:\/\/nanotech.fuw.edu.pl\/?page_id=262\" data-type=\"page\" data-id=\"262\">Laboratorium Epitaksji ze Zwi\u0105zk\u00f3w Metaloorganicznych (MOVPE)<\/a> <\/h5>\n\n\n<p>Pracownicy laboratorium MOVPE:<\/p>\n<p><a href=\"https:\/\/nanotech.fuw.edu.pl\/?page_id=5#Aleksandra_Dabrowska\">dr Aleksandra D\u0105browska<\/a><\/p>\n<p><a href=\"https:\/\/nanotech.fuw.edu.pl\/?page_id=5#Jerzy_Plesiewicz\">mgr Jerzy Plesiewicz<\/a><\/p>\n\n\n<h5 class=\"wp-block-heading\"><a href=\"https:\/\/nanotech.fuw.edu.pl\/?page_id=363\" data-type=\"page\" data-id=\"363\">Laboratorium litografii<\/a><\/h5>\n\n\n<ol>\n<li>Uk\u0142ad do trawienia plazmowego Oxford Instruments Plasmalab System 100 ICP-RIE<\/li>\n<li>Naparowywarka ze \u017ar\u00f3d\u0142em elektronowym i argonowym dzia\u0142em jonowym Plasmionique EBH600<\/li>\n<li>Piec do szybkiego wygrzewania SSI Solaris 100 RTP<\/li>\n<li>Komory r\u0119kawicowe, jedna z uk\u0142adem transferowym z mikroskopem odbiciowym Olympus<\/li>\n<li>Suszarka w punkcie krytycznym Leica EM CPD 300<\/li>\n<li>Stacja do zarysowywania pr\u00f3bek<\/li>\n<li>Szafa chemiczna kombinowana ognioodporna 90 min. z urz\u0105dzeniem filtruj\u0105cym powietrze CFN 160m3\/h<\/li>\n<li>Zmywarka laboratoryjna Salvislab SC1160<\/li>\n<li>Demineralizator Hydrolab HLP 5 do wytwarzania wody demineralizowanej<\/li>\n<li>Dwa mikroskopy optyczne, s\u0142u\u017c\u0105ce do wizualnej oceny pr\u00f3bek<\/li>\n<li>Na\u015bwietlarka UV \u2013 p\u00f3\u0142automatyczny Mask-Aligner MJB 3<\/li>\n<li>Suszarka pr\u00f3\u017cniowa Vacuum Drying Oven VT 6025<\/li>\n<li>Profilometr mechaniczny Veeco Dektak 6M<\/li>\n<li>Uk\u0142ad do bezmaskowej fotolitografii POLOS \u00b5Printer<\/li>\n<li>Spin-coatery i hot-plate s\u0142u\u017c\u0105ce do pokrywania pod\u0142o\u017cy p\u00f3\u0142przewodnikowych fotoczu\u0142ymi rezystami<\/li>\n<li>Trzy dygestoria, sprz\u0119t szklany i odczynniki chemiczne potrzebne do mokrego trawienia p\u00f3\u0142przewodnik\u00f3w<\/li>\n<\/ol>\n<p>Pracownicy Laboratorium Litografii:<\/p>\n<p><a href=\"https:\/\/nanotech.fuw.edu.pl\/?page_id=5#Karol_Nogajewski\">dr Karol Nogajewski<\/a><\/p>\n<p><a href=\"https:\/\/nanotech.fuw.edu.pl\/?page_id=5#Natasza_Gajda\">mgr Natasza Gajda<\/a><\/p>\n\n\n<p><\/p>\n\n\n\n<h5 class=\"wp-block-heading\"><a href=\"https:\/\/nanotech.fuw.edu.pl\/?page_id=347\" data-type=\"page\" data-id=\"347\">Laboratorium dyfraktometrii rentgenowskiej<\/a><\/h5>\n\n\n<p>Aparat rentgenowski PANalytical X\u2019Pert PRO<\/p>\n<p>Pracownik odpowiedzialny:<\/p>\n<p><a href=\"https:\/\/nanotech.fuw.edu.pl\/?page_id=5#Mateusz_Tokarczyk\">dr Mateusz Tokarczyk<\/a><\/p>\n\n\n<h5 class=\"wp-block-heading\"><a href=\"https:\/\/nanotech.fuw.edu.pl\/?page_id=585\">Laboratorium spektrofotometrii<\/a><\/h5>\n\n\n<p>Spektrofotometr UV-Vis-NIR Varian Cary 5000 pozwalaj\u0105cy na badania optyczne w zakresie spektralnym 175 \u2013 3300 nm.<\/p>\n<p>Pracownik odpowiedzialny:<\/p>\n<p><a href=\"https:\/\/nanotech.fuw.edu.pl\/?page_id=5#Aleksandra_Dabrowska\">dr Aleksandra D\u0105browska<\/a><\/p>\n\n\n<h5 class=\"wp-block-heading\"><a href=\"https:\/\/nanotech.fuw.edu.pl\/?page_id=574\">laboratorium agilent<\/a><\/h5>\n\n\n<p>Analizator przyrz\u0105d\u00f3w p\u00f3\u0142przewodnikowych Agilent B1500A\u00a0 wraz ze stacj\u0105 pomiarow\u0105 (probe station) Cascade Microtech EPS150TRIAX<\/p>\n<p>Pracownik odpowiedzialny:<\/p>\n<p><a href=\"https:\/\/nanotech.fuw.edu.pl\/?page_id=5#Johannes_Binder\">dr Johannes Binder<\/a><\/p>\n\n\n<h5 class=\"wp-block-heading\"><a href=\"https:\/\/www.fuw.edu.pl\/%7Ewmpac\/mbe\/mbe.htm\">laboratorium epitaksji z wi\u0105zek molekularnych (MBE)<\/a><\/h5>\n\n\n\n<h5 class=\"wp-block-heading\"><a href=\"https:\/\/nanotech.fuw.edu.pl\/wp-content\/uploads\/2025\/02\/Picture1-scaled.jpg\">Plan pomieszcze\u0144<\/a><\/h5>\n\n\n\n<p><\/p>\n","protected":false},"excerpt":{"rendered":"<p>Wyposa\u017cenie &#8211; lista os\u00f3b odpowiedzialnych Laboratorium Mikroskopii Si\u0142 AtomowycH (AFM) Digital Instruments, model: MultiMode AFM-2 z kontrolerem NanoScope IIIA i przystawk\u0105 Extender Electronics Module. Scienta Omicron, model: VT XA zainstalowany w uk\u0142adzie pr\u00f3\u017cniowym z pojedyncz\u0105 komor\u0105. Bruker, model: Dimension Icon z kontrolerem NanoScope VI. Pracownicy laboratorium AFM: mgr Rafa\u0142 Bo\u017cek dr Jan Paw\u0142owski Laboratorium Mikroskopii [&hellip;]<\/p>\n","protected":false},"author":1,"featured_media":0,"parent":0,"menu_order":0,"comment_status":"closed","ping_status":"closed","template":"","meta":{"footnotes":""},"class_list":["post-8","page","type-page","status-publish","hentry"],"_links":{"self":[{"href":"https:\/\/nanotech.fuw.edu.pl\/index.php?rest_route=\/wp\/v2\/pages\/8","targetHints":{"allow":["GET"]}}],"collection":[{"href":"https:\/\/nanotech.fuw.edu.pl\/index.php?rest_route=\/wp\/v2\/pages"}],"about":[{"href":"https:\/\/nanotech.fuw.edu.pl\/index.php?rest_route=\/wp\/v2\/types\/page"}],"author":[{"embeddable":true,"href":"https:\/\/nanotech.fuw.edu.pl\/index.php?rest_route=\/wp\/v2\/users\/1"}],"replies":[{"embeddable":true,"href":"https:\/\/nanotech.fuw.edu.pl\/index.php?rest_route=%2Fwp%2Fv2%2Fcomments&post=8"}],"version-history":[{"count":73,"href":"https:\/\/nanotech.fuw.edu.pl\/index.php?rest_route=\/wp\/v2\/pages\/8\/revisions"}],"predecessor-version":[{"id":1067,"href":"https:\/\/nanotech.fuw.edu.pl\/index.php?rest_route=\/wp\/v2\/pages\/8\/revisions\/1067"}],"wp:attachment":[{"href":"https:\/\/nanotech.fuw.edu.pl\/index.php?rest_route=%2Fwp%2Fv2%2Fmedia&parent=8"}],"curies":[{"name":"wp","href":"https:\/\/api.w.org\/{rel}","templated":true}]}}