{"id":864,"date":"2025-08-22T16:42:20","date_gmt":"2025-08-22T14:42:20","guid":{"rendered":"https:\/\/nanotech.fuw.edu.pl\/?page_id=864"},"modified":"2025-08-23T12:54:02","modified_gmt":"2025-08-23T10:54:02","slug":"nanotech-na-spotkaniach-ogolnopolskiego-klubu-demonstratorow-fizyki","status":"publish","type":"page","link":"https:\/\/nanotech.fuw.edu.pl\/?page_id=864","title":{"rendered":"Nanotech na spotkaniach Og\u00f3lnopolskiego Klubu Demonstrator\u00f3w Fizyki"},"content":{"rendered":"\n<p><a href=\"https:\/\/sokdf2025.web.amu.edu.pl\/\">XXV Spotkanie Og\u00f3lnopolskiego Klubu Demonstrator\u00f3w Fizyki (2025 r.)<\/a><\/p>\n\n\n\n<p><strong><a href=\"https:\/\/nanotech.fuw.edu.pl\/?page_id=680\">Co \u0142\u0105czy Bia\u0142\u0105 Dam\u0119 z plagami egipskimi? O nieoczekiwanych skutkach maria\u017cu z\u0142ota z aluminium.<\/a><\/strong><\/p>\n\n\n\n<p><a href=\"https:\/\/www.sokdf2024.pwr.edu.pl\/\">XXIV Spotkanie Og\u00f3lnopolskiego Klubu Demonstrator\u00f3w Fizyki (2024 r.)<\/a><\/p>\n\n\n\n<p><strong><a href=\"https:\/\/nanotech.fuw.edu.pl\/?page_id=687\">Fotolitografia, czyli rze\u017abienie \u015bwiat\u0142em. Ods\u0142ona druga \u2013 barwy.<\/a><\/strong><\/p>\n\n\n\n<p><a href=\"https:\/\/us.edu.pl\/wydzial\/wnst\/wspolpraca\/konferencje\/sokdf\/\">XXIII Spotkanie Og\u00f3lnopolskiego Klubu Demonstrator\u00f3w Fizyki (2023 r.)<\/a><\/p>\n\n\n\n<p><strong><a href=\"https:\/\/nanotech.fuw.edu.pl\/?page_id=674\">Jak zapobiega\u0107 koalescencji i co ciekawego mo\u017ce z tego wynikn\u0105\u0107?<\/a><\/strong><\/p>\n\n\n\n<p><a href=\"https:\/\/sites.google.com\/uw.edu.pl\/sokdf2022\/strona-g%C5%82%C3%B3wna\">XXII Spotkanie Og\u00f3lnopolskiego Klubu Demonstrator\u00f3w Fizyki (2022 r.)<\/a><\/p>\n\n\n\n<p><strong><a href=\"https:\/\/nanotech.fuw.edu.pl\/?page_id=692\">Fotolitografia, czyli rze\u017abienie \u015bwiat\u0142em<\/a><\/strong><\/p>\n\n\n\n<figure class=\"wp-block-image size-large\"><img loading=\"lazy\" decoding=\"async\" width=\"683\" height=\"1024\" src=\"http:\/\/nanotech.fuw.edu.pl\/wp-content\/uploads\/2025\/07\/DSC09449_kopia-rotated-e1753353718233-683x1024.jpg\" alt=\"\" class=\"wp-image-745\" srcset=\"https:\/\/nanotech.fuw.edu.pl\/wp-content\/uploads\/2025\/07\/DSC09449_kopia-rotated-e1753353718233-683x1024.jpg 683w, https:\/\/nanotech.fuw.edu.pl\/wp-content\/uploads\/2025\/07\/DSC09449_kopia-rotated-e1753353718233-200x300.jpg 200w, https:\/\/nanotech.fuw.edu.pl\/wp-content\/uploads\/2025\/07\/DSC09449_kopia-rotated-e1753353718233-768x1151.jpg 768w, https:\/\/nanotech.fuw.edu.pl\/wp-content\/uploads\/2025\/07\/DSC09449_kopia-rotated-e1753353718233-8x12.jpg 8w, https:\/\/nanotech.fuw.edu.pl\/wp-content\/uploads\/2025\/07\/DSC09449_kopia-rotated-e1753353718233.jpg 808w\" sizes=\"auto, (max-width: 683px) 100vw, 683px\" \/><figcaption class=\"wp-element-caption\">Karol testuj\u0105cy model wagi dla astronaut\u00f3w podczas wyst\u0105pienia grupy demonstrator\u00f3w z Uniwersytetu Jagiello\u0144skiego, Wroc\u0142aw 2024.<\/figcaption><\/figure>\n\n\n\n<p><\/p>\n","protected":false},"excerpt":{"rendered":"<p>XXV Spotkanie Og\u00f3lnopolskiego Klubu Demonstrator\u00f3w Fizyki (2025 r.) Co \u0142\u0105czy Bia\u0142\u0105 Dam\u0119 z plagami egipskimi? O nieoczekiwanych skutkach maria\u017cu z\u0142ota z aluminium. XXIV Spotkanie Og\u00f3lnopolskiego Klubu Demonstrator\u00f3w Fizyki (2024 r.) Fotolitografia, czyli rze\u017abienie \u015bwiat\u0142em. Ods\u0142ona druga \u2013 barwy. XXIII Spotkanie Og\u00f3lnopolskiego Klubu Demonstrator\u00f3w Fizyki (2023 r.) Jak zapobiega\u0107 koalescencji i co ciekawego mo\u017ce z tego [&hellip;]<\/p>\n","protected":false},"author":4,"featured_media":0,"parent":664,"menu_order":0,"comment_status":"closed","ping_status":"closed","template":"","meta":{"footnotes":""},"class_list":["post-864","page","type-page","status-publish","hentry"],"_links":{"self":[{"href":"https:\/\/nanotech.fuw.edu.pl\/index.php?rest_route=\/wp\/v2\/pages\/864","targetHints":{"allow":["GET"]}}],"collection":[{"href":"https:\/\/nanotech.fuw.edu.pl\/index.php?rest_route=\/wp\/v2\/pages"}],"about":[{"href":"https:\/\/nanotech.fuw.edu.pl\/index.php?rest_route=\/wp\/v2\/types\/page"}],"author":[{"embeddable":true,"href":"https:\/\/nanotech.fuw.edu.pl\/index.php?rest_route=\/wp\/v2\/users\/4"}],"replies":[{"embeddable":true,"href":"https:\/\/nanotech.fuw.edu.pl\/index.php?rest_route=%2Fwp%2Fv2%2Fcomments&post=864"}],"version-history":[{"count":6,"href":"https:\/\/nanotech.fuw.edu.pl\/index.php?rest_route=\/wp\/v2\/pages\/864\/revisions"}],"predecessor-version":[{"id":878,"href":"https:\/\/nanotech.fuw.edu.pl\/index.php?rest_route=\/wp\/v2\/pages\/864\/revisions\/878"}],"up":[{"embeddable":true,"href":"https:\/\/nanotech.fuw.edu.pl\/index.php?rest_route=\/wp\/v2\/pages\/664"}],"wp:attachment":[{"href":"https:\/\/nanotech.fuw.edu.pl\/index.php?rest_route=%2Fwp%2Fv2%2Fmedia&parent=864"}],"curies":[{"name":"wp","href":"https:\/\/api.w.org\/{rel}","templated":true}]}}